{"id":509,"date":"2021-11-07T23:05:05","date_gmt":"2021-11-07T23:05:05","guid":{"rendered":"https:\/\/pim.famnit.upr.si\/wp\/?page_id=509"},"modified":"2026-01-09T17:01:45","modified_gmt":"2026-01-09T17:01:45","slug":"cv","status":"publish","type":"page","link":"https:\/\/pim.famnit.upr.si\/wp\/?page_id=509","title":{"rendered":"CV"},"content":{"rendered":"\n<p><a href=\"https:\/\/pim.famnit.upr.si\/wp\/wp-content\/uploads\/2026\/01\/CV_Matjaz_Kljun.pdf\">My academic CV in PDF<\/a> (updated January 2025).<\/p>\n\n\n<div class=\"cv\">\n<style>.cv .cv-row {display: grid;grid-template-columns: 6em 1fr; break-inside: avoid; }<\/style>\n\n<section id=\"intro\">\n  <div class=\"cv-row\">\n    <div class=\"year\"><\/div>\n    <div class=\"entry\">Faculty of Mathematics, Natural Sciences and Information Technologies (FAMNIT), University of Primorska<\/div>\n\n    <div class=\"year\"><\/div>\n    <div class=\"entry\">Glagolja\u0161ka 8, Koper SI-6000, Slovenia<\/div>\n\n    <div class=\"year\">Phone<\/div>\n    <div class=\"entry\">+386 5 611 76 51<\/div>\n\n    <div class=\"year\">Fax<\/div>\n    <div class=\"entry\">+386 5 611 75 71<\/div>\n\n    <div class=\"year\">Web<\/div>\n    <div class=\"entry\">\n      <a href=\"https:\/\/pim.famnit.upr.si\/\">https:\/\/pim.famnit.upr.si\/<\/a>\n    <\/div>\n\n    <div class=\"year\">ORCID<\/div>\n    <div class=\"entry\">\n      <a href=\"https:\/\/orcid.org\/0000-0002-6988-3046\">0000-0002-6988-3046<\/a>\n    <\/div>\n  <\/div>\n<\/section>\n\n<section id=\"education\">\n  <h2>Education<\/h2>\n  <div class=\"cv-row\">\n    <div class=\"year\">2014<\/div>\n    <div class=\"entry\">\n      PhD in Computer Science (Human-Computer Interaction),\n      <em>School of Computing and Communication, Lancaster University, UK<\/em>\n    <\/div>\n\n    <div class=\"year\">2008<\/div>\n    <div class=\"entry\">\n      MSc in Information Systems and Decision Making (HCI),\n      <em>University of Ljubljana, Slovenia<\/em>\n    <\/div>\n\n    <div class=\"year\">2002<\/div>\n    <div class=\"entry\">\n      BSc in Computer Science,\n      <em>University of Ljubljana, Slovenia<\/em>\n    <\/div>\n  <\/div>\n<\/section>\n\n<section id=\"appointments\" class=\"level1\">\n<h2>Appointments<\/h2>\n<div class=\"cv-row\">\n        <div class=\"year\">2025\u2013<\/div>\n        <div class=\"entry\">Full Professor, <em>FAMNIT, University of Primorska, Slovenia<\/em><\/div>\n        <div class=\"year\">2024\u2013<\/div>\n        <div class=\"entry\">Research fellow, <em>Stellenbosch University, South Africa<\/em><\/div>\n        <div class=\"year\">2020\u20132025<\/div>\n        <div class=\"entry\">Associate Professor, <em>FAMNIT, University of Primorska, Slovenia<\/em><\/div>\n        <div class=\"year\">2019\u20132022<\/div>\n        <div class=\"entry\">Research scientist, <em>Faculty of Mathematics and Physics, University of Ljubljana, Slovenia<\/em><\/div>\n        <div class=\"year\">2017\u20132022<\/div>\n        <div class=\"entry\">Research scientist, <em>Faculty of Information Studies, Novo Mesto, Slovenia<\/em><\/div>\n        <div class=\"year\">2015\u20132020<\/div>\n        <div class=\"entry\">Assistant Professor, <em>FAMNIT, University of Primorska, Slovenia<\/em><\/div>\n        <div class=\"year\">2017<\/div>\n        <div class=\"entry\">Visiting researcher, <em>Interactive Media Design Lab, Nara institute of Science and Technology, Japan<\/em><\/div>\n        <div class=\"year\">2014\u20132015<\/div>\n        <div class=\"entry\">Lecturer, <em>FAMNIT, University of Primorska, Slovenia<\/em><\/div>\n        <div class=\"year\">2009\u20132013<\/div>\n        <div class=\"entry\">PhD researcher, <em>Lancaster University, Lancaster, UK<\/em><\/div>\n        <div class=\"year\">2007\u20132014<\/div>\n        <div class=\"entry\">Teaching Assistant, <em>FAMNIT, University of Primorska, Slovenia<\/em><\/div>\n        <div class=\"year\">2005<\/div>\n        <div class=\"entry\">Visiting research assistant, <em>Lule\u00e5 University of Technology, Sweden<\/em><\/div>\n        <div class=\"year\">2002\u20132007<\/div>\n        <div class=\"entry\">Teaching Assistant, <em>Faculty of Education, University of Primorska, Slovenia<\/em><\/div>\n      <\/div>\n<\/section>\n\n<section id=\"teaching\" class=\"level1\">\n<h2>Teaching<\/h2>\n<div class=\"cv-row\">\n        <div class=\"year\">Lectures<\/div>\n        <div class=\"entry\">Human-computer interaction (2016\u20132026) (joint course with Ben-Gurion University of Negev 2019\u20132023), Multimedia design (2015\u20132026), Computer organisation and architecture (2018\u20132026), Selected topics in Human-Computer Interaction MsC (2016\u20132018), Selected topics in Information Visualisation MsC (2017\u2013 2018, 2021\u20132026), Computer practicum (2017\u20132020, 2024)<\/div>\n        <div class=\"year\">Practicals<\/div>\n        <div class=\"entry\">Operating systems (2005\u20132007), Application software (2004\u20132007), Computer practicum (2007\u20132015), Database systems (2008\u20132014), ICT in education (2006), Multimedia design (2013\u20132014)<\/div>\n      <\/div>\n<\/section>\n\n\n<section id=\"institutional-responsibilities\" class=\"level1\">\n<h2>Institutional responsibilities<\/h2>\n<div class=\"cv-row\">\n        <div class=\"year\">2019\u2013<\/div>\n        <div class=\"entry\">Executive board member, <em>University of Primorska, Slovenia<\/em><\/div>\n        <div class=\"year\">2015\u2013<\/div>\n        <div class=\"entry\">Coordinator of the Master\u2019s programme in Computer Science, <em>FAMNIT, University of Primorska, Slovenia<\/em><\/div>\n        <div class=\"year\">2015\u2013<\/div>\n        <div class=\"entry\">Co-director of the HICUP Lab (<a href=\"https:\/\/hicup.famnit.upr.si\/\">hicup.famnit.upr.si<\/a>), <em>FAMNIT, University of Primorska, Slovenia<\/em><\/div>\n        <div class=\"year\">2024\u2013<\/div>\n        <div class=\"entry\">IFIP TC 13 Country representative (<a href=\"https:\/\/ifip-tc13.org\/\">ifip-tc13.org<\/a>)<\/div>\n        <div class=\"year\">2016\u2013<\/div>\n        <div class=\"entry\">Member of the Committee of students and study affairs, <em>FAMNIT, University of Primorska, Slovenia<\/em><\/div>\n        <div class=\"year\">2016\u2013<\/div>\n        <div class=\"entry\">Member of the Disciplinary committee, <em>University of Primorska, Slovenia<\/em><\/div>\n      <\/div>\n<\/section>\n\n<section id=\"selected-recent-publications\" class=\"level1\">\n<h2>Selected recent publications<\/h2>\n<div class=\"cv-row\">\n        <div class=\"year\">2025<\/div>\n        <div class=\"entry\">Text-to-image generation for vocabulary learning using the keyword method<br>\n                            Attygalle NT, Kljun M, Quigley A, \u010copi\u010d Pucihar K, Grubert J, Biener V, Leiva LA, Yoneyama J, Toniolo A, Miguel A, Kato H.<br>\n                           ACM IUI 2025 Mar 24 (pp. 1381-1397), <a href=\"https:\/\/doi.org\/10.1145\/3708359.3712073\">10.1145\/3708359.3712073<\/a>\n                         <\/div>  \n        <div class=\"year\">2024<\/div>\n        <div class=\"entry\">Effects of Eye Vergence and Accommodation on Interactions with Content on an AR Magic-lens Display and its Surroundings<br>\n                           G Lugtenberg, K \u010copi\u010d Pucihar, M Kljun, T Sawabe, Y Fujimoto, M Kanbara, H Kato<br>\n                           IEEE Transactions on Visualization and Computer Graphics, <a href=\"https:\/\/doi.org\/10.1109\/TVCG.2024.3403261\">10.1109\/TVCG.2024.3403261<\/a>\n                         <\/div>\n        <div class=\"year\">2023<\/div>\n        <div class=\"entry\">Exploring the future building: representational effects on projecting oneself into the future office space<br>\n                          M Weerasinghe, K \u010copi\u010d Pucihar, J Ducasse, A Quigley, A Toniolo, A Miguel, N Caluya, M Kljun <br>\n                          Virtual Reality 27 (1), 51-70, <a href=\"https:\/\/doi.org\/10.1007\/s10055-022-00673-z\">10.1007\/s10055-022-00673-z<\/a>\n                        <\/div>\n        <div class=\"year\">2022<\/div>\n        <div class=\"entry\">A survey of augmented piano prototypes: has augmentation improved learning experiences?<br>\n                           JA Deja, S Mayer, K \u010copi\u010d Pucihar, M Kljun <br>\n                           PACM HCI 6 (ISS), 226-253, <a href=\"https:\/\/doi.org\/10.1145\/3567719\">10.1145\/3567719<\/a>\n                         <\/div>\n        <div class=\"year\">2022<\/div>\n        <div class=\"entry\">VocabulARy: Learning Vocabulary in AR Supported by Keyword Visualisations<br>\n                           M Weerasinghe, V Biener, J Grubert, AJ Quigley, A Toniolo, K \u010copic Pucihar, M Kljun<br>\n                           IEEE Transactions on Visualization and Computer Graphics, <a href=\"https:\/\/doi.org\/10.1109\/TVCG.2022.3203116\">10.1109\/TVCG.2022.3203116<\/a>\n                         <\/div>\n        <div class=\"year\">2020<\/div>\n        <div class=\"entry\">Interactive Web Documentaries: A Case Study of Audience Reception and User Engagement on iOtok<br>\n                           J Ducasse, M Kljun, K \u010copi\u010d Pucihar<br>\n                           International Journal of Human\u2013Computer Interaction, <a href=\"https:\/\/doi.org\/10.1080\/10447318.2020.1757255\">10.1080\/10447318.2020.1757255<\/a>\n                         <\/div>\n        <div class=\"year\">2019<\/div>\n        <div class=\"entry\">Augmentation not Duplication: Considerations for the Design of Digitally-Augmented Comic Books<br>\n                           M Kljun, K \u010copi\u010d Pucihar, J Alexander, M Weerasinghe, C Campos, J Ducasse, B Kopa\u010din, J Grubert, P Coulton, M \u010celar<br>\n                           Proceedings of the ACM CHI Conference on Human Factors in Computing Systems 2019, <a href=\"https:\/\/doi.org\/10.1145\/3290605.3300333\">10.1145\/3290605.3300333<\/a>\n                         <\/div>\n      <\/div>\n<\/section>\n\n<section id=\"phd-students\" class=\"level1\">\n<h2>PhD Students<\/h2>\n<div class=\"cv-row\">\n        <div class=\"year\">2025<\/div>\n        <div class=\"entry\">Jordan Aiko Deja (supervisor): Designing Augmented Reality Training Systems for Piano and Jazz Impro- visation<\/div>\n        <div class=\"year\">2024<\/div>\n        <div class=\"entry\">Cuauhtli Campos Mijangos (co-supervisor): Designing Interactive Paper Displays by Interlacing Physical and Digital Content Using Horizontal Touchscreens<\/div>\n        <div class=\"year\">2024<\/div>\n        <div class=\"entry\">Nuwan Attygale (co-supervisor): Improving interaction with radar-based gesture recognition when sensing through materials<\/div>\n        <div class=\"year\">2023<\/div>\n        <div class=\"entry\">Maheshya Weerasinghe\u2013Joint PhD with University of St Andrews (supervisor): Adaptive guidance in extended reality learning environments<\/div>\n      <\/div>\n<\/section>\n\n\n\n<section id=\"professional-and-community-activities\" class=\"level1\">\n<h2>Professional and community activities<\/h2>\n<div class=\"cv-row\">\n        <div class=\"year\">Co-organiser<\/div>\n        <div class=\"entry\">\n                <em>ACM ISS<\/em> <a href=\"https:\/\/iss.acm.org\/2026\/organization\/\">2026 general co-chair<\/a>;\n                <em>HCI SI<\/em> <a href=\"https:\/\/hci.si\/hci-si-2023\/\">2023 conference co-chair<\/a>; \n                                <a href=\"https:\/\/hci.si\/hci-is-2020\/\">2020 programme co-chair<\/a>; \n                                <a href=\"https:\/\/hci.si\/hci-is-2019\/\">2019 conference chair<\/a>; \n                <em>Mobile HCI<\/em> <a href=\"https:\/\/mobilehci.acm.org\/2021\/\">2021<\/a> \n                                <a href=\"https:\/\/mobilehci.acm.org\/2021\/\">demo co-chair<\/a>; \n                                <a href=\"https:\/\/mobilehci.acm.org\/2020\/\">2020 workshop co-chair<\/a>; \n                <em>European Researchers\u2019 Night<\/em> <a href=\"https:\/\/www.znanostzazivljenje.si\/en\">2016\u20132020<\/a>; \n                <em>International Workshop on Cross-Reality Interaction<\/em> <a href=\"https:\/\/xr.famnit.upr.si\/\">XR 2020 @ ISS<\/a>; \n                <em>IEEE Conference on Artificial Intelligence &amp; Virtual Reality<\/em> \n                                <a href=\"https:\/\/aivr.science.uu.nl\/\">2020 Immersivee analytics Workshop organisation<\/a>; \n                                <a href=\"https:\/\/aivr.science.uu.nl\/\">2020 special session co-chair<\/a>;\n                                <a href=\"https:\/\/aivr.science.uu.nl\/2019\/\">2019 workshop<\/a> <a href=\"https:\/\/aivr.science.uu.nl\/2019\/\">co-chair<\/a>; \n                                <a href=\"http:\/\/aivr.asia.edu.tw\/2018\/\">2018 workshop co-chair<\/a>; \n                <em>International Workshop on Human-Drone Interaction<\/em> <a href=\"https:\/\/hdi.famnit.upr.si\/\">iHDI 2019 @<\/a> <a href=\"https:\/\/hdi.famnit.upr.si\/\">CHI<\/a>; \n                <em>International Workshop on Multimodal Virtual &amp; Augmented Reality<\/em> <a href=\"http:\/\/mvar.science.uu.nl\/2018\/mvar2018_org.html\">MVAR 2018 @ ISMAR<\/a>; <a href=\"http:\/\/mvar2016.science.uu.nl\/\">MVAR<\/a> <a href=\"http:\/\/mvar2016.science.uu.nl\/\">2016 @ ICMI<\/a> <em>OpenOffice.org Conference<\/em> <a href=\"http:\/\/www.openoffice.org\/marketing\/ooocon2005\/\">2005<\/a>\n        <\/div>\n        <div class=\"year\">Reviewer<\/div>\n        <div class=\"entry\">\n                  <a href=\"https:\/\/iui.acm.org\/\">ACM IUI<\/a> (2016-2026); \n                  <a href=\"https:\/\/thewebconf.org\/\">The Web (WWW) conf<\/a> (2026); \n                  <a href=\"https:\/\/interact2025.org\/\">INTERACT<\/a> (2025); \n                  <a href=\"https:\/\/hci.si\/\">HCI SI<\/a> (2019-2021, 2023-2025); \n                  <a href=\"https:\/\/mobilehci.acm.org\/\">Mobile HCI<\/a> (2024); \n                  <a href=\"https:\/\/www.nordichi2024.se\/\">NordiCHI<\/a> (2024);\n                   <a href=\"https:\/\/www.jstor.org\/journal\/infocult\">Information and Culture<\/a> (2024); \n                   <a href=\"https:\/\/chi2023.acm.org\/for-authors\/student-design-competition\/\">ACM CHI Student Design competition<\/a> (2023); \n                   <a href=\"https:\/\/www.um.org\/umap2021\/\">ACM UMAP<\/a> (2021-2025); \n                    <a href=\"https:\/\/ieeeaccess.ieee.org\/\">IEEE Access<\/a> (2019, 2025);    \n                   <a href=\"https:\/\/ismar20.org\/\">IEEE ISMAR<\/a> (2019, 2020, 2022, 2024, 2025);\n                   <a href=\"https:\/\/www.computer.org\/csdl\/journal\/lt\">IEEE Trans on Learning Tech<\/a> (2018, 2023, 2024); \n                   <a href=\"https:\/\/aivr.science.uu.nl\/2019\/\">IEEE AIVR<\/a> (2019-2023, 2025); \n                   <a href=\"https:\/\/chi2023.acm.org\/\">ACM CHI<\/a> (2022); \n                   <a href=\"https:\/\/www.frontiersin.org\/journals\/psychology\">Frontiers in Psy<\/a> (2021-2024); \n                   <a href=\"https:\/\/www.tandfonline.com\/toc\/hihc20\/current\">IJHC<\/a> (2022, 2025); \n                   <a href=\"https:\/\/peerj.com\/computer-science\/\">PeerJ CS<\/a> (2022); \n                   <a href=\"https:\/\/journals.sagepub.com\/home\/lis\">JLIS<\/a> (2022); \n                   <a href=\"https:\/\/www.asist.org\/publications\/jasist\/\">JASIST<\/a> (2014-2021); \n                   <a href=\"https:\/\/xr.famnit.upr.si\/\">XR workshop at ACM ISS<\/a> (2020); \n                   <a href=\"https:\/\/aivr.science.uu.nl\/ImAna2020\/\">IEEE AIVR ImAna<\/a> (2020); \n                   <a href=\"https:\/\/www.tandfonline.com\/toc\/tbit20\/current\">Behavioural &amp; information technologies<\/a> (2020); \n                   <a href=\"http:\/\/www.pervasivedisplays.org\/\">PerDis<\/a> (2018-2019); \n                   <a href=\"https:\/\/dl.acm.org\/journal\/tiis\">ACM TIIS<\/a> (2019); \n                   <a href=\"https:\/\/mvar.science.uu.nl\/\">MVAR<\/a> (2016, 2018); \n                   <a href=\"https:\/\/academic.oup.com\/iwc\">IWC<\/a> (2017); \n                   <a href=\"https:\/\/www.springer.com\/journal\/779\">PAUC<\/a> (2017, 2018, 2019); \n                   <a href=\"https:\/\/dblp.org\/db\/conf\/bcshci\/index\">BCS-HCI<\/a> (2012, 2013); \n                   <a href=\"http:\/\/pimworkshop.org\/\">PIM workshop<\/a> (2012); \n                   <a href=\"https:\/\/chi.acm.org\/\">alt.CHI<\/a> (2014, 2016); \n                   <a href=\"http:\/\/www.graphicslink.co.uk\/\">Information visualisation<\/a> (2007, 2009)<\/div>\n        <div class=\"year\">Memeber<\/div>\n        <div class=\"entry\">\n                <a href=\"https:\/\/hci.si\/\">ACM SIGCHI Chapter Bled<\/a> (founding member and chair (2018\u20132025)); <a href=\"http:\/\/www.sigchi.org\/\">ACM SIGCHI<\/a> Special Interest Group on Computer-Human Interaction (2006\u2013); Working group for the analysis of the presence of computer science and informatics in primary and secondary school curricula and for the preparation of a study on possible changes (<a href=\"https:\/\/www.sazu.si\/events\/5975e08e2eb437e706ae59a7\">RINOS<\/a>) @ Slovene Ministry of Education, Science and Sport (2016\u20132018); <a href=\"http:\/\/www.iaeste.org\/\">IAESTE<\/a> (1996\u20132000); <a href=\"https:\/\/eestec.net\/\">EESTEC<\/a> (1996\u20132000)<\/div>\n        <div class=\"year\">SV<\/div>\n        <div class=\"entry\">\n                <a href=\"http:\/\/www.chi2011.org\/\">ACM CHI 2011<\/a> Conference on Human Factors in Computing Systems; <a href=\"http:\/\/ewic.bcs.org\/category\/16894\">BCS-HCI 2011<\/a> BCS Conference on Human-Computer Interaction; <a href=\"https:\/\/chi2012.acm.org\/\">ACM CHI 2012<\/a> Conference on Human Factors in Computing Systems<\/div>\n        <div class=\"year\">Other<\/div>\n        <div class=\"entry\">\n                <a href=\"http:\/\/soupek.soup.si\/\">\u0160OUPEK<\/a>: leader of a project promoting open source software among students at University of Primorska and providing ICT related courses to students and general public.<\/div>\n      <\/div>\n<\/section>\n\n<section id=\"projects-with-grants\" class=\"level1\">\n<h2>Projects with grants<\/h2>\n<div class=\"cv-row\">\n        <div class=\"year\">2023\u20132026<\/div>\n        <div class=\"entry\">Improving B-WIM performance with big data and AI (BrAId)\u2013<a href=\"https:\/\/www.arrs.si\/en\/\">ARIS<\/a><\/div>\n        <div class=\"year\">2023\u20132026<\/div>\n        <div class=\"entry\">AR to achieve better understanding of the triple nature of chemical concepts\u2013<a href=\"https:\/\/www.arrs.si\/en\/\">ARIS<\/a><\/div>\n        <div class=\"year\">2019\u20132022<\/div>\n        <div class=\"entry\">E-knowledge for mental health: development, implementation and evaluation of online interventions for suicide prevention and strengthening of mental health (J5-1796)\u2013<a href=\"https:\/\/www.arrs.si\/en\/\">ARIS<\/a><\/div>\n        <div class=\"year\">2015\u20132020<\/div>\n        <div class=\"entry\">Creative Path to Practical Knowledge\u2013<a href=\"https:\/\/www.srips-rs.si\/en\/about-us\">JSRS<\/a>.<\/div>\n        <div class=\"year\">2006\u20132008<\/div>\n        <div class=\"entry\">Computer tools in the development of production programs\u2013Part 2 (L1-7230) \u2013<a href=\"https:\/\/www.arrs.si\/en\/\">ARIS<\/a><\/div>\n        <div class=\"year\">2006\u20132007<\/div>\n        <div class=\"entry\">e\u2013VIZUS: Informatisation of Education and Training in Slovenian Army (M5-0164)\u2013<a href=\"https:\/\/www.arrs.si\/en\/\">ARIS<\/a> <\/div>\n        <div class=\"year\">2004\u20132007<\/div>\n        <div class=\"entry\">Integrating information technology into teaching and learning models (L5-6135)\u2013<a href=\"https:\/\/www.arrs.si\/en\/\">ARIS<\/a><\/div>\n        <div class=\"year\">2006\u20132008<\/div>\n        <div class=\"entry\">Interreg ISMO: Information System about the Marine Environment in the Gulf of Trieste\u2013<a href=\"https:\/\/interreg.eu\/\">Interreg IIIA<\/a> <a href=\"https:\/\/interreg.eu\/\">Slovenia-Italy<\/a><\/div>\n      <\/div>\n<\/section>\n\n<section id=\"grants-honors-awards\" class=\"level1\">\n<h2>Grants, honors &amp; awards<\/h2>\n<div class=\"cv-row\">\n        <div class=\"year\">2025<\/div>\n        <div class=\"entry\">ACM IUI 2025, <a href=\"https:\/\/iui.acm.org\/2025\/\">Best paper award<\/a> for paper \u201cText-to-Image Generation for Vocabulary Learning Using the Keyword Method\u201d<\/div>\n        <div class=\"year\">2023<\/div>\n        <div class=\"entry\">University of Primorska <a href=\"https:\/\/www.upr.si\/si\/up--okolje\/nagrade-up\/\">Prize for Scientific Excellence<\/a> for the quality of publications published in 2022 <\/div>\n        <div class=\"year\">2022<\/div>\n        <div class=\"entry\">\n          ACM ISS 2022, <a href=\"https:\/\/iss2022.acm.org\/info\/awards\">Honorable mention award<\/a> for paper \u201cA Survey of Augmented Piano Prototypes: Has Augmentation Improved Learning Experiences?\u201d<\/div>\n        <div class=\"year\">2022<\/div>\n        <div class=\"entry\">ACM EICS 2022, <a href=\"https:\/\/eics.acm.org\/eics2022\/about.html\">Honorable mention award<\/a> for paper \u201cSolids on Soli: Millimetre-Wave Radar Sensing through Materials\u201d<\/div>\n        <div class=\"year\">2011<\/div>\n        <div class=\"entry\">ACM UMAP 2011, Best Doctoral Consortium paper<\/div>\n        <div class=\"year\">2009<\/div>\n        <div class=\"entry\">Lancaster university, UK, Science and Technology PhD Scholarship<\/div>\n    <\/div>\n<\/section>\n\n<section id=\"grants-honors-awards\" class=\"level1\">\n<h2>Talks<\/h2>\n<div class=\"cv-row\">\n        <div class=\"year\">2023<\/div>\n        <div class=\"entry\">Hagaki. Hug a key? Supporting language learning with novel technologies, 3 October 2023, University of Luxembourg<\/div>\n        <div class=\"year\">2023<\/div>\n        <div class=\"entry\">Hagaki. Hug a key? Supporting language learning with novel technologies, 21 September 2023, Stellenbosch University<\/div>\n        <div class=\"year\">2022<\/div>\n        <div class=\"entry\">Hagaki. Hug a key? Language learning with Augmented Reality, 6 June 2022, Ben-Gurion University of Negev<\/div>\n        <div class=\"year\">2019<\/div>\n        <div class=\"entry\">Persuasive technologies in m-learning for training professionals, School of Computing and Communications, 10 May 2019, Lancaster University<\/div>\n        <div class=\"year\">2018<\/div>\n        <div class=\"entry\">Large scale studies of habit changing interface design, 12 April 2018, University of St Andrews<\/div>\n        <div class=\"year\">2017<\/div>\n        <div class=\"entry\">Co-presence and content creation in future immersive environments, 20 November 2017, NAIST<\/div>\n        <div class=\"year\">2017<\/div>\n        <div class=\"entry\">Technologies for assisting users and enhancing capabilities, 20 November 2017, NAIST<\/div>\n        <div class=\"year\">2017<\/div>\n        <div class=\"entry\">Technologies for assisting users and enhancing capabilities: studies from 1 to 1000, 10 October 2017, University of Tokyo<\/div>\n    <\/div>\n<\/section>\n\n\n<\/div>","protected":false},"excerpt":{"rendered":"<p>My academic CV in PDF (updated January 2025). Faculty of Mathematics, Natural Sciences and Information Technologies (FAMNIT), University of Primorska Glagolja\u0161ka 8, Koper SI-6000, Slovenia Phone +386 5 611 76 51 Fax +386 5 611 75 71 Web https:\/\/pim.famnit.upr.si\/ ORCID 0000-0002-6988-3046 Education 2014 PhD in Computer Science (Human-Computer Interaction), School of Computing and Communication, Lancaster&#46;&#46;&#46;<\/p>\n","protected":false},"author":1,"featured_media":0,"parent":0,"menu_order":0,"comment_status":"closed","ping_status":"closed","template":"","meta":{"footnotes":""},"class_list":["post-509","page","type-page","status-publish","hentry"],"_links":{"self":[{"href":"https:\/\/pim.famnit.upr.si\/wp\/index.php?rest_route=\/wp\/v2\/pages\/509","targetHints":{"allow":["GET"]}}],"collection":[{"href":"https:\/\/pim.famnit.upr.si\/wp\/index.php?rest_route=\/wp\/v2\/pages"}],"about":[{"href":"https:\/\/pim.famnit.upr.si\/wp\/index.php?rest_route=\/wp\/v2\/types\/page"}],"author":[{"embeddable":true,"href":"https:\/\/pim.famnit.upr.si\/wp\/index.php?rest_route=\/wp\/v2\/users\/1"}],"replies":[{"embeddable":true,"href":"https:\/\/pim.famnit.upr.si\/wp\/index.php?rest_route=%2Fwp%2Fv2%2Fcomments&post=509"}],"version-history":[{"count":36,"href":"https:\/\/pim.famnit.upr.si\/wp\/index.php?rest_route=\/wp\/v2\/pages\/509\/revisions"}],"predecessor-version":[{"id":1953,"href":"https:\/\/pim.famnit.upr.si\/wp\/index.php?rest_route=\/wp\/v2\/pages\/509\/revisions\/1953"}],"wp:attachment":[{"href":"https:\/\/pim.famnit.upr.si\/wp\/index.php?rest_route=%2Fwp%2Fv2%2Fmedia&parent=509"}],"curies":[{"name":"wp","href":"https:\/\/api.w.org\/{rel}","templated":true}]}}